{"id":241,"date":"2023-02-10T22:20:15","date_gmt":"2023-02-10T22:20:15","guid":{"rendered":"https:\/\/vpn.hc.r1.ampr.org\/w\/testde\/?page_id=241"},"modified":"2025-01-13T22:38:49","modified_gmt":"2025-01-13T22:38:49","slug":"hamcloud-vpn-hilfe-lotw-zertifikat","status":"publish","type":"page","link":"https:\/\/vpn.hamnet.network\/w\/de\/hamcloud-vpn-hilfe-lotw-zertifikat\/","title":{"rendered":"HamCloud VPN Hilfe &#8211; LoTW-Zertifikat"},"content":{"rendered":"\n\n\n<p>Als Teilnehmer des &#8222;ARRL Logbook of the World&#8220;-Programms (siehe <a rel=\"noreferrer noopener\" href=\"http:\/\/www.arrl.org\/quick-start\" target=\"_blank\">http:\/\/www.arrl.org\/quick-start<\/a>) muss das eigene LoTW-Zertifikat in das Betriebssystem importiert werden, bevor es zur Authentifizierung gegen\u00fcber dieser Webseite verwendet werden kann. Der Import-Vorgang ist hier beschrieben:<\/p>\n\n\n\n<ul class=\"wp-block-list\">\n<li><a href=\"https:\/\/vpn.hamnet.network\/w\/de\/lotw-zertifikat-import\/\" data-type=\"page\" data-id=\"46\">Windows<\/a><\/li>\n\n\n\n<li>macOS<\/li>\n\n\n\n<li>Ubuntu<\/li>\n<\/ul>\n\n\n\n<p>Anschlie\u00dfend nutzt man den Link &#8222;Login ARRL LoTW&#8220; und w\u00e4hlt das Zertifikat aus. Die Abfrage schaut je nach gew\u00e4hlten Web Browser unterschiedlich aus:<\/p>\n\n\n\n<figure class=\"wp-block-image aligncenter size-full\"><img loading=\"lazy\" decoding=\"async\" width=\"535\" height=\"288\" src=\"https:\/\/vpn.hc.r1.ampr.org\/w\/testde\/wp-content\/uploads\/sites\/5\/2023\/01\/google-chrome-auth.png\" alt=\"\" class=\"wp-image-59\" srcset=\"https:\/\/vpn.hamnet.network\/w\/de\/wp-content\/uploads\/sites\/5\/2023\/01\/google-chrome-auth.png 535w, https:\/\/vpn.hamnet.network\/w\/de\/wp-content\/uploads\/sites\/5\/2023\/01\/google-chrome-auth-300x161.png 300w\" sizes=\"auto, (max-width: 535px) 100vw, 535px\" \/><figcaption class=\"wp-element-caption\">Google Chrome (Version 107.0.5304.107 64-Bit) unter Windows<\/figcaption><\/figure>\n\n\n\n<figure class=\"wp-block-image aligncenter size-full\"><img loading=\"lazy\" decoding=\"async\" width=\"437\" height=\"229\" src=\"https:\/\/vpn.hc.r1.ampr.org\/w\/testde\/wp-content\/uploads\/sites\/5\/2023\/01\/microsoft-edge-auth.png\" alt=\"\" class=\"wp-image-60\" srcset=\"https:\/\/vpn.hamnet.network\/w\/de\/wp-content\/uploads\/sites\/5\/2023\/01\/microsoft-edge-auth.png 437w, https:\/\/vpn.hamnet.network\/w\/de\/wp-content\/uploads\/sites\/5\/2023\/01\/microsoft-edge-auth-300x157.png 300w\" sizes=\"auto, (max-width: 437px) 100vw, 437px\" \/><figcaption class=\"wp-element-caption\">Microsoft Edge (Version 107.0.1418.42 64-Bit) unter Windows<\/figcaption><\/figure>\n\n\n\n<figure class=\"wp-block-image aligncenter size-full\"><img loading=\"lazy\" decoding=\"async\" width=\"427\" height=\"392\" src=\"https:\/\/vpn.hc.r1.ampr.org\/w\/testde\/wp-content\/uploads\/sites\/5\/2023\/01\/mozilla-firefox-auth.png\" alt=\"\" class=\"wp-image-61\" srcset=\"https:\/\/vpn.hamnet.network\/w\/de\/wp-content\/uploads\/sites\/5\/2023\/01\/mozilla-firefox-auth.png 427w, https:\/\/vpn.hamnet.network\/w\/de\/wp-content\/uploads\/sites\/5\/2023\/01\/mozilla-firefox-auth-300x275.png 300w\" sizes=\"auto, (max-width: 427px) 100vw, 427px\" \/><figcaption class=\"wp-element-caption\">Mozilla Firefox (Version 106.0.5 64-bit) unter Windows<\/figcaption><\/figure>\n","protected":false},"excerpt":{"rendered":"<p>Als Teilnehmer des &#8222;ARRL Logbook of the World&#8220;-Programms (siehe http:\/\/www.arrl.org\/quick-start) muss das eigene LoTW-Zertifikat in das Betriebssystem importiert werden, bevor es zur Authentifizierung gegen\u00fcber dieser Webseite verwendet werden kann. Der Import-Vorgang ist hier beschrieben: Anschlie\u00dfend nutzt man den Link &#8222;Login ARRL LoTW&#8220; und w\u00e4hlt das Zertifikat aus. Die Abfrage schaut je nach gew\u00e4hlten Web Browser [&hellip;]<\/p>\n","protected":false},"author":1,"featured_media":0,"parent":0,"menu_order":0,"comment_status":"closed","ping_status":"closed","template":"","meta":{"footnotes":""},"class_list":["post-241","page","type-page","status-publish","hentry"],"_links":{"self":[{"href":"https:\/\/vpn.hamnet.network\/w\/de\/wp-json\/wp\/v2\/pages\/241","targetHints":{"allow":["GET"]}}],"collection":[{"href":"https:\/\/vpn.hamnet.network\/w\/de\/wp-json\/wp\/v2\/pages"}],"about":[{"href":"https:\/\/vpn.hamnet.network\/w\/de\/wp-json\/wp\/v2\/types\/page"}],"author":[{"embeddable":true,"href":"https:\/\/vpn.hamnet.network\/w\/de\/wp-json\/wp\/v2\/users\/1"}],"replies":[{"embeddable":true,"href":"https:\/\/vpn.hamnet.network\/w\/de\/wp-json\/wp\/v2\/comments?post=241"}],"version-history":[{"count":5,"href":"https:\/\/vpn.hamnet.network\/w\/de\/wp-json\/wp\/v2\/pages\/241\/revisions"}],"predecessor-version":[{"id":354,"href":"https:\/\/vpn.hamnet.network\/w\/de\/wp-json\/wp\/v2\/pages\/241\/revisions\/354"}],"wp:attachment":[{"href":"https:\/\/vpn.hamnet.network\/w\/de\/wp-json\/wp\/v2\/media?parent=241"}],"curies":[{"name":"wp","href":"https:\/\/api.w.org\/{rel}","templated":true}]}}