{"id":244,"date":"2023-02-10T22:23:20","date_gmt":"2023-02-10T22:23:20","guid":{"rendered":"https:\/\/vpn.hc.r1.ampr.org\/w\/testde\/?page_id=244"},"modified":"2025-01-12T09:11:08","modified_gmt":"2025-01-12T09:11:08","slug":"hamcloud-vpn-hilfe-bezug-der-einwahldaten","status":"publish","type":"page","link":"https:\/\/vpn.hamnet.network\/w\/de\/hamcloud-vpn-hilfe-bezug-der-einwahldaten\/","title":{"rendered":"HamCloud VPN Hilfe &#8211; Bezug der Einwahldaten"},"content":{"rendered":"\n\n\n<p>Nach der Authentifizierung muss auf den VPN Password Knopf gedr\u00fcckt werden:<\/p>\n\n\n\n<figure class=\"wp-block-image aligncenter size-full\"><img loading=\"lazy\" decoding=\"async\" width=\"391\" height=\"100\" src=\"https:\/\/vpn.hc.r1.ampr.org\/w\/testde\/wp-content\/uploads\/sites\/5\/2025\/01\/hamcloud-vpn-ikev2.png\" alt=\"\" class=\"wp-image-339\" srcset=\"https:\/\/vpn.hamnet.network\/w\/de\/wp-content\/uploads\/sites\/5\/2025\/01\/hamcloud-vpn-ikev2.png 391w, https:\/\/vpn.hamnet.network\/w\/de\/wp-content\/uploads\/sites\/5\/2025\/01\/hamcloud-vpn-ikev2-300x77.png 300w\" sizes=\"auto, (max-width: 391px) 100vw, 391px\" \/><\/figure>\n\n\n\n<p>Wenn noch kein Passwort generiert worden ist oder das Passwort abgelaufen ist, dann kann durch Dr\u00fccken von &#8222;Activate&#8220; ein Passwort erzeugt werden.<\/p>\n\n\n\n<figure class=\"wp-block-image aligncenter size-full\"><img loading=\"lazy\" decoding=\"async\" width=\"392\" height=\"130\" src=\"https:\/\/vpn.hc.r1.ampr.org\/w\/testde\/wp-content\/uploads\/sites\/5\/2025\/01\/hamcloud-vpn-ikev2-activate.png\" alt=\"\" class=\"wp-image-340\" srcset=\"https:\/\/vpn.hamnet.network\/w\/de\/wp-content\/uploads\/sites\/5\/2025\/01\/hamcloud-vpn-ikev2-activate.png 392w, https:\/\/vpn.hamnet.network\/w\/de\/wp-content\/uploads\/sites\/5\/2025\/01\/hamcloud-vpn-ikev2-activate-300x99.png 300w\" sizes=\"auto, (max-width: 392px) 100vw, 392px\" \/><\/figure>\n\n\n\n<p>Es sind mehrere Verbindungen zum VPN-Server gleichzeitig m\u00f6glich. Jeder Client muss einen eigenen Benutzernamen verwenden. Dazu kann man mit dem &#8222;+&#8220;-Knopf zus\u00e4tzliche Benutzernamen anlegen.<\/p>\n\n\n\n<figure class=\"wp-block-image aligncenter size-full\"><img loading=\"lazy\" decoding=\"async\" width=\"692\" height=\"307\" src=\"https:\/\/vpn.hc.r1.ampr.org\/w\/testde\/wp-content\/uploads\/sites\/5\/2025\/01\/hamcloud-vpn-ikev2-credentials.png\" alt=\"\" class=\"wp-image-341\" srcset=\"https:\/\/vpn.hamnet.network\/w\/de\/wp-content\/uploads\/sites\/5\/2025\/01\/hamcloud-vpn-ikev2-credentials.png 692w, https:\/\/vpn.hamnet.network\/w\/de\/wp-content\/uploads\/sites\/5\/2025\/01\/hamcloud-vpn-ikev2-credentials-300x133.png 300w\" sizes=\"auto, (max-width: 692px) 100vw, 692px\" \/><\/figure>\n\n\n\n<p>Jeder Nutzer-\/Passwort-Kombination ist nach dem Erstellen <strong>f\u00fcr ein Jahr g\u00fcltig<\/strong>.<\/p>\n\n\n\n<p>Die G\u00fcltigkeit jeder einzelnen Nutzer-\/Passwort-Kombination kann jederzeit durch Dr\u00fccken von &#8222;renew&#8220; auf ein Jahr nach dem aktuellen Tag verl\u00e4ngert werden.<\/p>\n\n\n\n<p>Das Dr\u00fccken von &#8222;renew&#8220; ist <strong>bis zu ein Jahr nach dem Ablauf der G\u00fcltigkeit<\/strong> einer Nutzer-\/Passwortkombination m\u00f6glich.<\/p>\n\n\n\n<p>Wird in diesem Zeitraum nicht &#8222;renew&#8220; gedr\u00fcckt, so wird die betroffene Nutzer-\/Passwort-Kombination gel\u00f6scht.<\/p>\n","protected":false},"excerpt":{"rendered":"<p>Nach der Authentifizierung muss auf den VPN Password Knopf gedr\u00fcckt werden: Wenn noch kein Passwort generiert worden ist oder das Passwort abgelaufen ist, dann kann durch Dr\u00fccken von &#8222;Activate&#8220; ein Passwort erzeugt werden. Es sind mehrere Verbindungen zum VPN-Server gleichzeitig m\u00f6glich. Jeder Client muss einen eigenen Benutzernamen verwenden. Dazu kann man mit dem &#8222;+&#8220;-Knopf zus\u00e4tzliche [&hellip;]<\/p>\n","protected":false},"author":1,"featured_media":0,"parent":0,"menu_order":0,"comment_status":"closed","ping_status":"closed","template":"","meta":{"footnotes":""},"class_list":["post-244","page","type-page","status-publish","hentry"],"_links":{"self":[{"href":"https:\/\/vpn.hamnet.network\/w\/de\/wp-json\/wp\/v2\/pages\/244","targetHints":{"allow":["GET"]}}],"collection":[{"href":"https:\/\/vpn.hamnet.network\/w\/de\/wp-json\/wp\/v2\/pages"}],"about":[{"href":"https:\/\/vpn.hamnet.network\/w\/de\/wp-json\/wp\/v2\/types\/page"}],"author":[{"embeddable":true,"href":"https:\/\/vpn.hamnet.network\/w\/de\/wp-json\/wp\/v2\/users\/1"}],"replies":[{"embeddable":true,"href":"https:\/\/vpn.hamnet.network\/w\/de\/wp-json\/wp\/v2\/comments?post=244"}],"version-history":[{"count":7,"href":"https:\/\/vpn.hamnet.network\/w\/de\/wp-json\/wp\/v2\/pages\/244\/revisions"}],"predecessor-version":[{"id":346,"href":"https:\/\/vpn.hamnet.network\/w\/de\/wp-json\/wp\/v2\/pages\/244\/revisions\/346"}],"wp:attachment":[{"href":"https:\/\/vpn.hamnet.network\/w\/de\/wp-json\/wp\/v2\/media?parent=244"}],"curies":[{"name":"wp","href":"https:\/\/api.w.org\/{rel}","templated":true}]}}