{"id":99,"date":"2023-01-07T07:39:41","date_gmt":"2023-01-07T07:39:41","guid":{"rendered":"https:\/\/vpn.hc.r1.ampr.org\/w\/testde\/?page_id=99"},"modified":"2026-02-21T14:16:14","modified_gmt":"2026-02-21T14:16:14","slug":"datenschutzerklaerung","status":"publish","type":"page","link":"https:\/\/vpn.hamnet.network\/w\/de\/datenschutzerklaerung\/","title":{"rendered":"Datenschutzerkl\u00e4rung"},"content":{"rendered":"\n<p>Der Verantwortliche im Sinne der Datenschutz-Grundverordnung (DSGVO) sowie sonstiger datenschutzrechtlicher Bestimmungen ist:<\/p>\n\n\n\n<p>Jann Traschewski<br>Lindenstr. 3<br>90547 Stein<br>Deutschland<br>Telefon: +49 911 99946898<br>E-Mail: jann@gmx.de<\/p>\n\n\n\n<h3 class=\"wp-block-heading\">Bereitstellung der Website und Erstellung von Logfiles<\/h3>\n\n\n\n<h4 class=\"wp-block-heading\">Beschreibung und Umfang der Datenverarbeitung<\/h4>\n\n\n\n<p>Bei jedem Aufruf unserer Internetseite erfasst unser System automatisiert Daten und Informationen vom Computersystem des aufrufenden Rechners. Folgende Daten werden hierbei erhoben:<\/p>\n\n\n\n<ul class=\"wp-block-list\">\n<li>Informationen \u00fcber den Browsertyp und die verwendete Version<\/li>\n\n\n\n<li>Das Betriebssystem des Nutzers<\/li>\n\n\n\n<li>Die IP-Adresse des Nutzers<\/li>\n\n\n\n<li>Datum und Uhrzeit des Zugriffs<\/li>\n\n\n\n<li>\u00fcbertragene Datenmenge<\/li>\n\n\n\n<li>Websites, von denen das System des Nutzers auf unsere Internetseite gelangt<\/li>\n\n\n\n<li>Websites, die vom System des Nutzers \u00fcber unsere Website aufgerufen werden<\/li>\n<\/ul>\n\n\n\n<p>Die Daten werden ebenfalls in den Logfiles unseres Systems gespeichert. Eine Speicherung dieser Daten zusammen mit anderen personenbezogenen Daten des Nutzers findet nicht statt.<\/p>\n\n\n\n<h4 class=\"wp-block-heading\">Rechtsgrundlage f\u00fcr die Datenverarbeitung<\/h4>\n\n\n\n<p>Rechtsgrundlage f\u00fcr die vor\u00fcbergehende Speicherung der Daten und der Logfiles ist Art.&nbsp;6 Abs.&nbsp;1 lit.&nbsp;f DSGVO.<\/p>\n\n\n\n<h4 class=\"wp-block-heading\">Zweck der Datenverarbeitung<\/h4>\n\n\n\n<p>Die vor\u00fcbergehende Speicherung der IP-Adresse durch das System ist notwendig, um eine Auslieferung der Website an den Rechner des Nutzers zu erm\u00f6glichen. Hierf\u00fcr muss die IP-Adresse des Nutzers f\u00fcr die Dauer der Sitzung gespeichert bleiben.<\/p>\n\n\n\n<p>Die Speicherung in Logfiles erfolgt, um die Funktionsf\u00e4higkeit der Website sicherzustellen. Zudem dienen uns die Daten zur Optimierung der Website und zur Sicherstellung der Sicherheit unserer informationstechnischen Systeme. Eine Auswertung der Daten zu Marketingzwecken findet in diesem Zusammenhang nicht statt.<\/p>\n\n\n\n<p>In diesen Zwecken liegt auch unser berechtigtes Interesse an der Datenverarbeitung nach Art.&nbsp;6 Abs.&nbsp;1 lit.&nbsp;f DSGVO.<\/p>\n\n\n\n<h4 class=\"wp-block-heading\">Dauer der Speicherung<\/h4>\n\n\n\n<p>Die Daten werden gel\u00f6scht, sobald sie f\u00fcr die Erreichung des Zweckes ihrer Erhebung nicht mehr erforderlich sind. Im Falle der Erfassung der Daten zur Bereitstellung der Website ist dies der Fall, wenn die jeweilige Sitzung beendet ist. Im Falle der Speicherung der Daten in Logfiles ist dies nach sp\u00e4testens sieben Tagen der Fall. Eine dar\u00fcberhinausgehende Speicherung ist m\u00f6glich. In diesem Fall werden die IP-Adressen der Nutzer gel\u00f6scht oder verfremdet, sodass eine Zuordnung des aufrufenden Clients nicht mehr m\u00f6glich ist.<\/p>\n\n\n\n<h4 class=\"wp-block-heading\">Widerspruchs- und Beseitigungsm\u00f6glichkeit<\/h4>\n\n\n\n<p>Die Erfassung der Daten zur Bereitstellung der Website und die Speicherung der Daten in Logfiles ist f\u00fcr den Betrieb der Internetseite zwingend erforderlich. Es besteht folglich seitens des Nutzers keine Widerspruchsm\u00f6glichkeit.<\/p>\n\n\n\n<h3 class=\"wp-block-heading\">Bereitstellung der VPN-Funktionalit\u00e4t und Erstellung von Logfiles<\/h3>\n\n\n\n<h4 class=\"wp-block-heading\">Beschreibung und Umfang der Datenverarbeitung<\/h4>\n\n\n\n<p>Bei jeder Nutzung der VPN-Funktionalit\u00e4t erfasst unser System automatisiert Daten und Informationen vom Computersystem des aufrufenden Rechners. Folgende Daten werden hierbei erhoben:<\/p>\n\n\n\n<ul class=\"wp-block-list\">\n<li>Die IP-Adresse des Nutzers<\/li>\n\n\n\n<li>Die Benutzerkennung des Nutzers (Rufzeichen)<\/li>\n\n\n\n<li>Datum und Uhrzeit des Zugriffs<\/li>\n<\/ul>\n\n\n\n<p>Die Daten werden ebenfalls in den Logfiles unseres Systems gespeichert. Eine Speicherung dieser Daten zusammen mit anderen personenbezogenen Daten des Nutzers findet nicht statt.<\/p>\n\n\n\n<p>Bei der Anmeldung zur Nutzung der VPN-Funktionalit\u00e4t werden folgende Daten in einer Datenbank gespeichert (Accountdaten):<\/p>\n\n\n\n<ul class=\"wp-block-list\">\n<li>Die Benutzerkennung des Nutzers (Rufzeichen)<\/li>\n\n\n\n<li>Datum und Uhrzeit des erstmaligen Zugriffs<\/li>\n\n\n\n<li>Datum und Uhrzeit des letzten VPN-Verbindungsaufbaus<\/li>\n\n\n\n<li>das Ablaufdatum des Accounts<\/li>\n\n\n\n<li>Passwort bzw. Public Key der jeweiligen VPN-Technologie<\/li>\n<\/ul>\n\n\n\n<h4 class=\"wp-block-heading\">Rechtsgrundlage f\u00fcr die Datenverarbeitung<\/h4>\n\n\n\n<p>Rechtsgrundlage f\u00fcr die vor\u00fcbergehende Speicherung der Daten und der Logfiles ist Art.&nbsp;6 Abs.&nbsp;1 lit.&nbsp;f DSGVO.<\/p>\n\n\n\n<h4 class=\"wp-block-heading\">Zweck der Datenverarbeitung<\/h4>\n\n\n\n<p>Die vor\u00fcbergehende Speicherung der IP-Adresse durch das System ist notwendig, um eine Auslieferung der VPN-Datenpakete an den Rechner des Nutzers zu erm\u00f6glichen. Hierf\u00fcr muss die IP-Adresse des Nutzers f\u00fcr die Dauer der Sitzung gespeichert bleiben.<\/p>\n\n\n\n<p>Die Speicherung in Logfiles erfolgt, um die Funktionsf\u00e4higkeit des VPN-Dienstes sicherzustellen. Zudem dienen uns die Daten zur Optimierung des VPN-Dienstes und zur Sicherstellung der Sicherheit unserer informationstechnischen Systeme. Eine Auswertung der Daten zu Marketingzwecken findet in diesem Zusammenhang nicht statt.<\/p>\n\n\n\n<p>Die Speicherung der oben genannten Daten in einer Datenbank ist notwendig, um die VPN-Funktionalit\u00e4t zur Verf\u00fcgung zu stellen. Die Datenbankfelder erf\u00fcllen folgenden Zweck:<\/p>\n\n\n\n<ul class=\"wp-block-list\">\n<li>Die Benutzerkennung des Nutzers (Rufzeichen) ist zur Wiedererkennung des Nutzers beim Einloggen auf der Website bzw. Nutzung der VPN-Funktionalit\u00e4t erforderlich.<\/li>\n\n\n\n<li>Das Datum und die Uhrzeit des erstmaligen Zugriffs hilft bei der Fehlerbehebung im Falle einer Support-Anfrage.<\/li>\n\n\n\n<li>Das Datum und die Uhrzeit des letzten VPN-Verbindungsaufbaus hilft bei der Fehlerbehebung im Falle einer Support-Anfrage.<\/li>\n\n\n\n<li>Das Ablaufdatum des Accounts wird gespeichert (Datum des letzten Login auf der Website + 1 Jahr) um ungenutzte Accounts automatisch deaktivieren zu k\u00f6nnen.<\/li>\n\n\n\n<li>Das Passwort bzw. der Public Key der jeweiligen VPN-Technologie wird ben\u00f6tigt, um eine VPN-Verbindung aufbauen zu k\u00f6nnen.<\/li>\n<\/ul>\n\n\n\n<p>In diesen Zwecken liegt auch unser berechtigtes Interesse an der Datenverarbeitung nach Art.&nbsp;6 Abs.&nbsp;1 lit.&nbsp;f DSGVO.<\/p>\n\n\n\n<h4 class=\"wp-block-heading\">Dauer der Speicherung<\/h4>\n\n\n\n<p>Die Daten werden gel\u00f6scht, sobald sie f\u00fcr die Erreichung des Zweckes ihrer Erhebung nicht mehr erforderlich sind. Im Falle der Erfassung der Daten zur Bereitstellung der VPN-Verbindung ist dies der Fall, wenn die jeweilige Sitzung beendet ist. Im Falle der Speicherung der Daten in Logfiles ist dies nach sp\u00e4testens sieben Tagen der Fall. Eine dar\u00fcberhinausgehende Speicherung ist m\u00f6glich. In diesem Fall werden die IP-Adressen der Nutzer gel\u00f6scht oder verfremdet, sodass eine Zuordnung des aufrufenden Clients nicht mehr m\u00f6glich ist. Die Speicherung der Accountdaten in der Datenbank erfolgt ohne Zeitbeschr\u00e4nkung. Abgelaufene Accounts werden in unregelm\u00e4\u00dfigen Abst\u00e4nden aus der Datenbank entfernt.<\/p>\n\n\n\n<h4 class=\"wp-block-heading\">Widerspruchs- und Beseitigungsm\u00f6glichkeit<\/h4>\n\n\n\n<p>Die Erfassung der Daten zur Bereitstellung der VPN-Funktionalit\u00e4t und die Speicherung der Daten in Logfiles ist f\u00fcr den Betrieb zwingend erforderlich. Es besteht folglich seitens des Nutzers keine Widerspruchsm\u00f6glichkeit.<\/p>\n\n\n\n<h3 class=\"wp-block-heading\">Rechte der betroffenen Person<\/h3>\n\n\n\n<p>Werden personenbezogene Daten von Ihnen verarbeitet, sind Sie Betroffener i.S.d. DSGVO und es stehen Ihnen folgende Rechte gegen\u00fcber dem Verantwortlichen zu:<\/p>\n\n\n\n<h4 class=\"wp-block-heading\">Auskunftsrecht<\/h4>\n\n\n\n<p>Sie k\u00f6nnen von dem Verantwortlichen eine Best\u00e4tigung dar\u00fcber verlangen, ob personenbezogene Daten, die Sie betreffen, von uns verarbeitet werden. Liegt eine solche Verarbeitung vor, k\u00f6nnen Sie von dem Verantwortlichen \u00fcber folgende Informationen Auskunft verlangen:<\/p>\n\n\n\n<ul class=\"wp-block-list\">\n<li>die Zwecke, zu denen die personenbezogenen Daten verarbeitet werden;<\/li>\n\n\n\n<li>die Kategorien von personenbezogenen Daten, welche verarbeitet werden;<\/li>\n\n\n\n<li>die Empf\u00e4nger bzw. die Kategorien von Empf\u00e4ngern, gegen\u00fcber denen die Sie betreffenden personenbezogenen Daten offengelegt wurden oder noch offengelegt werden;<\/li>\n\n\n\n<li>die geplante Dauer der Speicherung der Sie betreffenden personenbezogenen Daten oder, falls konkrete Angaben hierzu nicht m\u00f6glich sind, Kriterien f\u00fcr die Festlegung der Speicherdauer;<\/li>\n\n\n\n<li>das Bestehen eines Rechts auf Berichtigung oder L\u00f6schung der Sie betreffenden personenbezogenen Daten, eines Rechts auf Einschr\u00e4nkung der Verarbeitung durch den Verantwortlichen oder eines Widerspruchsrechts gegen diese Verarbeitung;<\/li>\n\n\n\n<li>das Bestehen eines Beschwerderechts bei einer Aufsichtsbeh\u00f6rde;<\/li>\n\n\n\n<li>alle verf\u00fcgbaren Informationen \u00fcber die Herkunft der Daten, wenn die personenbezogenen Daten nicht bei der betroffenen Person erhoben werden;<\/li>\n\n\n\n<li>das Bestehen einer automatisierten Entscheidungsfindung einschlie\u00dflich Profiling gem\u00e4\u00df Art.&nbsp;22 Abs.&nbsp;1 und 4 DSGVO und \u2013 zumindest in diesen F\u00e4llen \u2013 aussagekr\u00e4ftige Informationen \u00fcber die involvierte Logik sowie die Tragweite und die angestrebten Auswirkungen einer derartigen Verarbeitung f\u00fcr die betroffene Person.<\/li>\n<\/ul>\n\n\n\n<p>Ihnen steht das Recht zu, Auskunft dar\u00fcber zu verlangen, ob die Sie betreffenden personenbezogenen Daten in ein Drittland oder an eine internationale Organisation \u00fcbermittelt werden. In diesem Zusammenhang k\u00f6nnen Sie verlangen, \u00fcber die geeigneten Garantien gem. Art.&nbsp;46 DSGVO im Zusammenhang mit der \u00dcbermittlung unterrichtet zu werden.<\/p>\n\n\n\n<h4 class=\"wp-block-heading\">Recht auf Beschwerde bei einer Aufsichtsbeh\u00f6rde<\/h4>\n\n\n\n<p>Unbeschadet eines anderweitigen verwaltungsrechtlichen oder gerichtlichen Rechtsbehelfs steht Ihnen das Recht auf Beschwerde bei einer Aufsichtsbeh\u00f6rde, insbesondere in dem Mitgliedstaat ihres Aufenthaltsorts, ihres Arbeitsplatzes oder des Orts des mutma\u00dflichen Versto\u00dfes, zu, wenn Sie der Ansicht sind, dass die Verarbeitung der Sie betreffenden personenbezogenen Daten gegen die DSGVO verst\u00f6\u00dft. Die Aufsichtsbeh\u00f6rde, bei der die Beschwerde eingereicht wurde, unterrichtet den Beschwerdef\u00fchrer \u00fcber den Stand und die Ergebnisse der Beschwerde einschlie\u00dflich der M\u00f6glichkeit eines gerichtlichen Rechtsbehelfs nach Art.&nbsp;78 DSGVO.<\/p>\n","protected":false},"excerpt":{"rendered":"<p>Der Verantwortliche im Sinne der Datenschutz-Grundverordnung (DSGVO) sowie sonstiger datenschutzrechtlicher Bestimmungen ist: Jann TraschewskiLindenstr. 390547 SteinDeutschlandTelefon: +49 911 99946898E-Mail: jann@gmx.de Bereitstellung der Website und Erstellung von Logfiles Beschreibung und Umfang der Datenverarbeitung Bei jedem Aufruf unserer Internetseite erfasst unser System automatisiert Daten und Informationen vom Computersystem des aufrufenden Rechners. Folgende Daten werden hierbei erhoben: Die [&hellip;]<\/p>\n","protected":false},"author":1,"featured_media":0,"parent":0,"menu_order":0,"comment_status":"closed","ping_status":"closed","template":"","meta":{"footnotes":""},"class_list":["post-99","page","type-page","status-publish","hentry"],"_links":{"self":[{"href":"https:\/\/vpn.hamnet.network\/w\/de\/wp-json\/wp\/v2\/pages\/99","targetHints":{"allow":["GET"]}}],"collection":[{"href":"https:\/\/vpn.hamnet.network\/w\/de\/wp-json\/wp\/v2\/pages"}],"about":[{"href":"https:\/\/vpn.hamnet.network\/w\/de\/wp-json\/wp\/v2\/types\/page"}],"author":[{"embeddable":true,"href":"https:\/\/vpn.hamnet.network\/w\/de\/wp-json\/wp\/v2\/users\/1"}],"replies":[{"embeddable":true,"href":"https:\/\/vpn.hamnet.network\/w\/de\/wp-json\/wp\/v2\/comments?post=99"}],"version-history":[{"count":3,"href":"https:\/\/vpn.hamnet.network\/w\/de\/wp-json\/wp\/v2\/pages\/99\/revisions"}],"predecessor-version":[{"id":366,"href":"https:\/\/vpn.hamnet.network\/w\/de\/wp-json\/wp\/v2\/pages\/99\/revisions\/366"}],"wp:attachment":[{"href":"https:\/\/vpn.hamnet.network\/w\/de\/wp-json\/wp\/v2\/media?parent=99"}],"curies":[{"name":"wp","href":"https:\/\/api.w.org\/{rel}","templated":true}]}}